{"id":9787,"date":"2024-05-25T05:45:32","date_gmt":"2024-05-25T05:45:32","guid":{"rendered":"https:\/\/maquinasflorestais.com\/?post_type=product&#038;p=9787"},"modified":"2025-05-22T09:19:47","modified_gmt":"2025-05-22T09:19:47","slug":"enfardadora-de-biomassa-monra-enfo-2000","status":"publish","type":"product","link":"https:\/\/maquinasflorestais.com\/fr\/produtos\/enfardadora-de-biomassa-monra-enfo-2000\/","title":{"rendered":"Monra enfo-2000"},"content":{"rendered":"<div class=\"wpb-content-wrapper\"><div class=\"vc_row wpb_row vc_row-fluid\"><div class=\"wpb_column vc_column_container vc_col-sm-3\"><div class=\"vc_column-inner\"><div class=\"wpb_wrapper\">\n\t<div  class=\"wpb_single_image wpb_content_element vc_align_center\">\n\t\t\n\t\t<figure class=\"wpb_wrapper vc_figure\">\n\t\t\t<div class=\"vc_single_image-wrapper   vc_box_border_grey\"><img loading=\"lazy\" decoding=\"async\" width=\"150\" height=\"150\" src=\"https:\/\/maquinasflorestais.com\/wp-content\/uploads\/2024\/05\/monra_enfo-2000-4-150x150.png\" class=\"vc_single_image-img attachment-thumbnail\" alt=\"\" title=\"monra_enfo-2000-4\" srcset=\"https:\/\/maquinasflorestais.com\/wp-content\/uploads\/2024\/05\/monra_enfo-2000-4-150x150.png 150w, https:\/\/maquinasflorestais.com\/wp-content\/uploads\/2024\/05\/monra_enfo-2000-4.png 200w\" sizes=\"auto, (max-width: 150px) 100vw, 150px\" \/><\/div>\n\t\t<\/figure>\n\t<\/div>\n\n\t\t<div id=\"wd-66517d6ac1098\" class=\"title-wrapper wd-wpb set-mb-s reset-last-child  wd-rs-66517d6ac1098 wd-title-color-default wd-title-style-default text-center  wd-underline-colored\">\n\t\t\t\n\t\t\t<div class=\"liner-continer\">\n\t\t\t\t<h4 class=\"woodmart-title-container title  wd-font-weight- wd-fontsize-l\" >Syst\u00e8me \u00e9lectronique<\/h4>\n\t\t\t\t\t\t\t<\/div>\n\t\t\t\n\t\t\t\t\t\t\t<div class=\"title-after_title  set-cont-mb-s reset-last-child  wd-fontsize-xs\">Con\u00e7u sp\u00e9cifiquement pour les fonctions de cet \u00e9quipement, il prend en charge toutes les op\u00e9rations. Apr\u00e8s avoir saisi tous les param\u00e8tres, le processus se fait automatiquement et l\u2019\u00e9cran tactile affiche toutes les op\u00e9rations en cours d\u2019ex\u00e9cution.<\/div>\n\t\t\t\n\t\t\t\n\t\t<\/div>\n\t\t\n\t\t<\/div><\/div><\/div><div class=\"wpb_column vc_column_container vc_col-sm-3\"><div class=\"vc_column-inner\"><div class=\"wpb_wrapper\">\n\t<div  class=\"wpb_single_image wpb_content_element vc_align_center\">\n\t\t\n\t\t<figure class=\"wpb_wrapper vc_figure\">\n\t\t\t<div class=\"vc_single_image-wrapper   vc_box_border_grey\"><img loading=\"lazy\" decoding=\"async\" width=\"150\" height=\"150\" src=\"https:\/\/maquinasflorestais.com\/wp-content\/uploads\/2024\/05\/monra_enfo-2000-8-150x150.png\" class=\"vc_single_image-img attachment-thumbnail\" alt=\"\" title=\"monra_enfo-2000-8\" srcset=\"https:\/\/maquinasflorestais.com\/wp-content\/uploads\/2024\/05\/monra_enfo-2000-8-150x150.png 150w, https:\/\/maquinasflorestais.com\/wp-content\/uploads\/2024\/05\/monra_enfo-2000-8.png 200w\" sizes=\"auto, (max-width: 150px) 100vw, 150px\" \/><\/div>\n\t\t<\/figure>\n\t<\/div>\n\n\t\t<div id=\"wd-66517e22d8d5f\" class=\"title-wrapper wd-wpb set-mb-s reset-last-child  wd-rs-66517e22d8d5f wd-title-color-default wd-title-style-default text-center  wd-underline-colored\">\n\t\t\t\n\t\t\t<div class=\"liner-continer\">\n\t\t\t\t<h4 class=\"woodmart-title-container title  wd-font-weight- wd-fontsize-l\" >Unit\u00e9 de compactage<\/h4>\n\t\t\t\t\t\t\t<\/div>\n\t\t\t\n\t\t\t\t\t\t\t<div class=\"title-after_title  set-cont-mb-s reset-last-child  wd-fontsize-xs\">Compos\u00e9 d\u2019un pressoir fixe o\u00f9 une premi\u00e8re compression est effectu\u00e9e et d\u2019un v\u00e9hicule mobile (pressoir mobile + unit\u00e9 de liage), dans cette unit\u00e9 sont effectu\u00e9s la compression finale, le transport des balles, le liage et le contr\u00f4le de la longueur.<\/div>\n\t\t\t\n\t\t\t\n\t\t<\/div>\n\t\t\n\t\t<\/div><\/div><\/div><div class=\"wpb_column vc_column_container vc_col-sm-3\"><div class=\"vc_column-inner\"><div class=\"wpb_wrapper\">\n\t<div  class=\"wpb_single_image wpb_content_element vc_align_center\">\n\t\t\n\t\t<figure class=\"wpb_wrapper vc_figure\">\n\t\t\t<div class=\"vc_single_image-wrapper   vc_box_border_grey\"><img loading=\"lazy\" decoding=\"async\" width=\"150\" height=\"150\" src=\"https:\/\/maquinasflorestais.com\/wp-content\/uploads\/2024\/05\/monra_enfo-2000-7-150x150.png\" class=\"vc_single_image-img attachment-thumbnail\" alt=\"\" title=\"monra_enfo-2000-7\" srcset=\"https:\/\/maquinasflorestais.com\/wp-content\/uploads\/2024\/05\/monra_enfo-2000-7-150x150.png 150w, https:\/\/maquinasflorestais.com\/wp-content\/uploads\/2024\/05\/monra_enfo-2000-7.png 200w\" sizes=\"auto, (max-width: 150px) 100vw, 150px\" \/><\/div>\n\t\t<\/figure>\n\t<\/div>\n\n\t\t<div id=\"wd-66517e6165419\" class=\"title-wrapper wd-wpb set-mb-s reset-last-child  wd-rs-66517e6165419 wd-title-color-default wd-title-style-default text-center  wd-underline-colored\">\n\t\t\t\n\t\t\t<div class=\"liner-continer\">\n\t\t\t\t<h4 class=\"woodmart-title-container title  wd-font-weight- wd-fontsize-l\" >Syst\u00e8me hydraulique<\/h4>\n\t\t\t\t\t\t\t<\/div>\n\t\t\t\n\t\t\t\t\t\t\t<div class=\"title-after_title  set-cont-mb-s reset-last-child  wd-fontsize-xs\">\u00c9quip\u00e9 de composants haut de gamme et faciles d\u2019acc\u00e8s pour la maintenance, il assure un fonctionnement rapide, fiable et pr\u00e9cis gr\u00e2ce notamment \u00e0 un composant \u00e9lectronique.<\/div>\n\t\t\t\n\t\t\t\n\t\t<\/div>\n\t\t\n\t\t<\/div><\/div><\/div><div class=\"wpb_column vc_column_container vc_col-sm-3\"><div class=\"vc_column-inner\"><div class=\"wpb_wrapper\">\n\t<div  class=\"wpb_single_image wpb_content_element vc_align_center\">\n\t\t\n\t\t<figure class=\"wpb_wrapper vc_figure\">\n\t\t\t<div class=\"vc_single_image-wrapper   vc_box_border_grey\"><img loading=\"lazy\" decoding=\"async\" width=\"150\" height=\"150\" src=\"https:\/\/maquinasflorestais.com\/wp-content\/uploads\/2024\/05\/monra_enfo-2000-12-150x150.png\" class=\"vc_single_image-img attachment-thumbnail\" alt=\"\" title=\"monra_enfo-2000-12\" srcset=\"https:\/\/maquinasflorestais.com\/wp-content\/uploads\/2024\/05\/monra_enfo-2000-12-150x150.png 150w, https:\/\/maquinasflorestais.com\/wp-content\/uploads\/2024\/05\/monra_enfo-2000-12.png 200w\" sizes=\"auto, (max-width: 150px) 100vw, 150px\" \/><\/div>\n\t\t<\/figure>\n\t<\/div>\n\n\t\t<div id=\"wd-66517e8d7815f\" class=\"title-wrapper wd-wpb set-mb-s reset-last-child  wd-rs-66517e8d7815f wd-title-color-default wd-title-style-default text-center  wd-underline-colored\">\n\t\t\t\n\t\t\t<div class=\"liner-continer\">\n\t\t\t\t<h4 class=\"woodmart-title-container title  wd-font-weight- wd-fontsize-l\" >Unit\u00e9 d'alimentation<\/h4>\n\t\t\t\t\t\t\t<\/div>\n\t\t\t\n\t\t\t\t\t\t\t<div class=\"title-after_title  set-cont-mb-s reset-last-child  wd-fontsize-xs\">\u00c9quip\u00e9 de 4 rouleaux (2 horizontaux et 2 verticaux), avec des rainures pour \u00e9viter le colmatage des mat\u00e9riaux offrant une puissance de traction \u00e9lev\u00e9e.<\/div>\n\t\t\t\n\t\t\t\n\t\t<\/div>\n\t\t\n\t\t<\/div><\/div><\/div><\/div><div class=\"vc_row wpb_row vc_row-fluid\"><div class=\"wpb_column vc_column_container vc_col-sm-3\"><div class=\"vc_column-inner\"><div class=\"wpb_wrapper\">\n\t<div  class=\"wpb_single_image wpb_content_element vc_align_center\">\n\t\t\n\t\t<figure class=\"wpb_wrapper vc_figure\">\n\t\t\t<div class=\"vc_single_image-wrapper   vc_box_border_grey\"><img loading=\"lazy\" decoding=\"async\" width=\"150\" height=\"150\" src=\"https:\/\/maquinasflorestais.com\/wp-content\/uploads\/2024\/05\/monra_enfo-2000-6-150x150.png\" class=\"vc_single_image-img attachment-thumbnail\" alt=\"\" title=\"monra_enfo-2000-6\" srcset=\"https:\/\/maquinasflorestais.com\/wp-content\/uploads\/2024\/05\/monra_enfo-2000-6-150x150.png 150w, https:\/\/maquinasflorestais.com\/wp-content\/uploads\/2024\/05\/monra_enfo-2000-6.png 200w\" sizes=\"auto, (max-width: 150px) 100vw, 150px\" \/><\/div>\n\t\t<\/figure>\n\t<\/div>\n\n\t\t<div id=\"wd-66517ee818fd3\" class=\"title-wrapper wd-wpb set-mb-s reset-last-child  wd-rs-66517ee818fd3 wd-title-color-default wd-title-style-default text-center  wd-underline-colored\">\n\t\t\t\n\t\t\t<div class=\"liner-continer\">\n\t\t\t\t<h4 class=\"woodmart-title-container title  wd-font-weight- wd-fontsize-l\" >Table d'alimentation<\/h4>\n\t\t\t\t\t\t\t<\/div>\n\t\t\t\n\t\t\t\t\t\t\t<div class=\"title-after_title  set-cont-mb-s reset-last-child  wd-fontsize-xs\">Pliable pour un transport plus facile.<\/div>\n\t\t\t\n\t\t\t\n\t\t<\/div>\n\t\t\n\t\t<\/div><\/div><\/div><div class=\"wpb_column vc_column_container vc_col-sm-3\"><div class=\"vc_column-inner\"><div class=\"wpb_wrapper\">\n\t<div  class=\"wpb_single_image wpb_content_element vc_align_center\">\n\t\t\n\t\t<figure class=\"wpb_wrapper vc_figure\">\n\t\t\t<div class=\"vc_single_image-wrapper   vc_box_border_grey\"><img loading=\"lazy\" decoding=\"async\" width=\"150\" height=\"150\" src=\"https:\/\/maquinasflorestais.com\/wp-content\/uploads\/2024\/05\/monra_enfo-2000-10-150x150.png\" class=\"vc_single_image-img attachment-thumbnail\" alt=\"\" title=\"monra_enfo-2000-10\" srcset=\"https:\/\/maquinasflorestais.com\/wp-content\/uploads\/2024\/05\/monra_enfo-2000-10-150x150.png 150w, https:\/\/maquinasflorestais.com\/wp-content\/uploads\/2024\/05\/monra_enfo-2000-10.png 200w\" sizes=\"auto, (max-width: 150px) 100vw, 150px\" \/><\/div>\n\t\t<\/figure>\n\t<\/div>\n\n\t\t<div id=\"wd-680622bf6435e\" class=\"title-wrapper wd-wpb set-mb-s reset-last-child  wd-rs-680622bf6435e wd-title-color-default wd-title-style-default text-center  wd-underline-colored\">\n\t\t\t\n\t\t\t<div class=\"liner-continer\">\n\t\t\t\t<h4 class=\"woodmart-title-container title  wd-font-weight- wd-fontsize-l\" >Syst\u00e8me de rotation<\/h4>\n\t\t\t\t\t\t\t<\/div>\n\t\t\t\n\t\t\t\t\t\t\t<div class=\"title-after_title  set-cont-mb-s reset-last-child  wd-fontsize-xs\">Vitesse continue et limit\u00e9e avec r\u00e9ducteur de vitesse \u00e0 2 niveaux et frein n\u00e9gatif int\u00e9gr\u00e9 avec bain d\u2019huile.<\/div>\n\t\t\t\n\t\t\t\n\t\t<\/div>\n\t\t\n\t\t<\/div><\/div><\/div><div class=\"wpb_column vc_column_container vc_col-sm-3\"><div class=\"vc_column-inner\"><div class=\"wpb_wrapper\">\n\t<div  class=\"wpb_single_image wpb_content_element vc_align_center\">\n\t\t\n\t\t<figure class=\"wpb_wrapper vc_figure\">\n\t\t\t<div class=\"vc_single_image-wrapper   vc_box_border_grey\"><img loading=\"lazy\" decoding=\"async\" width=\"150\" height=\"150\" src=\"https:\/\/maquinasflorestais.com\/wp-content\/uploads\/2024\/05\/monra_enfo-2000-11-150x150.png\" class=\"vc_single_image-img attachment-thumbnail\" alt=\"\" title=\"monra_enfo-2000-11\" srcset=\"https:\/\/maquinasflorestais.com\/wp-content\/uploads\/2024\/05\/monra_enfo-2000-11-150x150.png 150w, https:\/\/maquinasflorestais.com\/wp-content\/uploads\/2024\/05\/monra_enfo-2000-11.png 200w\" sizes=\"auto, (max-width: 150px) 100vw, 150px\" \/><\/div>\n\t\t<\/figure>\n\t<\/div>\n\n\t\t<div id=\"wd-680622f452476\" class=\"title-wrapper wd-wpb set-mb-s reset-last-child  wd-rs-680622f452476 wd-title-color-default wd-title-style-default text-center  wd-underline-colored\">\n\t\t\t\n\t\t\t<div class=\"liner-continer\">\n\t\t\t\t<h4 class=\"woodmart-title-container title  wd-font-weight- wd-fontsize-l\" >Unit\u00e9 de nivellement<\/h4>\n\t\t\t\t\t\t\t<\/div>\n\t\t\t\n\t\t\t\t\t\t\t<div class=\"title-after_title  set-cont-mb-s reset-last-child  wd-fontsize-xs\">\u00c9quip\u00e9 de 2 v\u00e9rins hydrauliques qui contr\u00f4lent l\u2019inclinaison de la presse dans les zones accentu\u00e9es.<\/div>\n\t\t\t\n\t\t\t\n\t\t<\/div>\n\t\t\n\t\t<\/div><\/div><\/div><div class=\"wpb_column vc_column_container vc_col-sm-3\"><div class=\"vc_column-inner\"><div class=\"wpb_wrapper\">\n\t<div  class=\"wpb_single_image wpb_content_element vc_align_center\">\n\t\t\n\t\t<figure class=\"wpb_wrapper vc_figure\">\n\t\t\t<div class=\"vc_single_image-wrapper   vc_box_border_grey\"><img loading=\"lazy\" decoding=\"async\" width=\"150\" height=\"150\" src=\"https:\/\/maquinasflorestais.com\/wp-content\/uploads\/2024\/05\/monra_enfo-2000-9-150x150.png\" class=\"vc_single_image-img attachment-thumbnail\" alt=\"\" title=\"monra_enfo-2000-9\" srcset=\"https:\/\/maquinasflorestais.com\/wp-content\/uploads\/2024\/05\/monra_enfo-2000-9-150x150.png 150w, https:\/\/maquinasflorestais.com\/wp-content\/uploads\/2024\/05\/monra_enfo-2000-9.png 200w\" sizes=\"auto, (max-width: 150px) 100vw, 150px\" \/><\/div>\n\t\t<\/figure>\n\t<\/div>\n\n\t\t<div id=\"wd-66517f600bd4a\" class=\"title-wrapper wd-wpb set-mb-s reset-last-child  wd-rs-66517f600bd4a wd-title-color-default wd-title-style-default text-center  wd-underline-colored\">\n\t\t\t\n\t\t\t<div class=\"liner-continer\">\n\t\t\t\t<h4 class=\"woodmart-title-container title  wd-font-weight- wd-fontsize-l\" >Unit\u00e9 de coupe<\/h4>\n\t\t\t\t\t\t\t<\/div>\n\t\t\t\n\t\t\t\t\t\t\t<div class=\"title-after_title  set-cont-mb-s reset-last-child  wd-fontsize-xs\">Compos\u00e9 d\u2019une lame (syst\u00e8me brevet\u00e9) \u00e0 haute puissance de coupe qui ne n\u00e9cessite pas d\u2019entretien.<\/div>\n\t\t\t\n\t\t\t\n\t\t<\/div>\n\t\t\n\t\t<\/div><\/div><\/div><\/div><div class=\"vc_row wpb_row vc_row-fluid\"><div class=\"wpb_column vc_column_container vc_col-sm-3\"><div class=\"vc_column-inner\"><div class=\"wpb_wrapper\">\n\t<div  class=\"wpb_single_image wpb_content_element vc_align_center\">\n\t\t\n\t\t<figure class=\"wpb_wrapper vc_figure\">\n\t\t\t<div class=\"vc_single_image-wrapper   vc_box_border_grey\"><img loading=\"lazy\" decoding=\"async\" width=\"150\" height=\"150\" src=\"https:\/\/maquinasflorestais.com\/wp-content\/uploads\/2024\/05\/monra_enfo-2000-5-150x150.png\" class=\"vc_single_image-img attachment-thumbnail\" alt=\"\" title=\"monra_enfo-2000-5\" srcset=\"https:\/\/maquinasflorestais.com\/wp-content\/uploads\/2024\/05\/monra_enfo-2000-5-150x150.png 150w, https:\/\/maquinasflorestais.com\/wp-content\/uploads\/2024\/05\/monra_enfo-2000-5.png 200w\" sizes=\"auto, (max-width: 150px) 100vw, 150px\" \/><\/div>\n\t\t<\/figure>\n\t<\/div>\n\n\t\t<div id=\"wd-66517f9e618b3\" class=\"title-wrapper wd-wpb set-mb-s reset-last-child  wd-rs-66517f9e618b3 wd-title-color-default wd-title-style-default text-center  wd-underline-colored\">\n\t\t\t\n\t\t\t<div class=\"liner-continer\">\n\t\t\t\t<h4 class=\"woodmart-title-container title  wd-font-weight- wd-fontsize-l\" >\u00c9quipement optionnel \u2013 kit d\u2019attache rapide<\/h4>\n\t\t\t\t\t\t\t<\/div>\n\t\t\t\n\t\t\t\t\t\t\t<div class=\"title-after_title  set-cont-mb-s reset-last-child  wd-fontsize-xs\">Compos\u00e9 d\u2019un v\u00e9rin hydraulique pour le montage, un distributeur de 5 leviers, 1 kit de c\u00e2bles de raccordement et 4 v\u00e9rins hydrauliques pour le support.<\/div>\n\t\t\t\n\t\t\t\n\t\t<\/div>\n\t\t\n\t\t<\/div><\/div><\/div><div class=\"wpb_column vc_column_container vc_col-sm-3\"><div class=\"vc_column-inner\"><div class=\"wpb_wrapper\">\n\t<div  class=\"wpb_single_image wpb_content_element vc_align_center\">\n\t\t\n\t\t<figure class=\"wpb_wrapper vc_figure\">\n\t\t\t<div class=\"vc_single_image-wrapper   vc_box_border_grey\"><img loading=\"lazy\" decoding=\"async\" width=\"150\" height=\"150\" src=\"https:\/\/maquinasflorestais.com\/wp-content\/uploads\/2024\/05\/monra_enfo-2000-5-150x150.png\" class=\"vc_single_image-img attachment-thumbnail\" alt=\"\" title=\"monra_enfo-2000-5\" srcset=\"https:\/\/maquinasflorestais.com\/wp-content\/uploads\/2024\/05\/monra_enfo-2000-5-150x150.png 150w, https:\/\/maquinasflorestais.com\/wp-content\/uploads\/2024\/05\/monra_enfo-2000-5.png 200w\" sizes=\"auto, (max-width: 150px) 100vw, 150px\" \/><\/div>\n\t\t<\/figure>\n\t<\/div>\n\n\t\t<div id=\"wd-66517fe52efb2\" class=\"title-wrapper wd-wpb set-mb-s reset-last-child  wd-rs-66517fe52efb2 wd-title-color-default wd-title-style-default text-center  wd-underline-colored\">\n\t\t\t\n\t\t\t<div class=\"liner-continer\">\n\t\t\t\t<h4 class=\"woodmart-title-container title  wd-font-weight- wd-fontsize-l\" >Syst\u00e8me d\u2019attache rapide (optionnel)<\/h4>\n\t\t\t\t\t\t\t<\/div>\n\t\t\t\n\t\t\t\t\t\t\t<div class=\"title-after_title  set-cont-mb-s reset-last-child  wd-fontsize-xs\">Activ\u00e9 depuis le distributeur \u00e0 la base de la presse, il permet l\u2019accouplement et le d\u00e9couplage de la machine au moyen d\u2019un v\u00e9rin hydraulique et d\u2019un syst\u00e8me de 4 stabilisateurs de support.<\/div>\n\t\t\t\n\t\t\t\n\t\t<\/div>\n\t\t\n\t\t<\/div><\/div><\/div><\/div><div class=\"vc_row wpb_row vc_row-fluid wd-rs-665184f4d41dc\"><div class=\"wpb_column vc_column_container vc_col-sm-3\"><div class=\"vc_column-inner\"><div class=\"wpb_wrapper\"><\/div><\/div><\/div><div class=\"wpb_column vc_column_container vc_col-sm-6\"><div class=\"vc_column-inner\"><div class=\"wpb_wrapper\">\t\t<div class=\"wd-wpb wd-rs-6651811bc262a\">\n\t\t\t<div class=\"wd-el-table-wrap wd-reset-all-last\">\n\t\t\t\t<table class=\"wd-el-table\">\n\t\t\t\t\t<tbody class=\"text-left\">\n\t\t\t\t\t\t\t\t<tr class=\"wd-rs-6651834f84e00\">\n\t\t\t\t\t\t\t\t\t\t\t\t\t\t<td colspan=\"1\" rowspan=\"1\">\n\t\t\t\t\t\t\t\t\t\t\t\t\tPoids sans syst\u00e8me d'attache rapide\t\t\t\t\t\t\t\t\t\t\t<\/td>\n\t\t\t\t\t\t\t\t\t\t\t\t\t\t<td colspan=\"1\" rowspan=\"1\">\n\t\t\t\t\t\t\t\t\t\t\t\t\t9.000 kg\t\t\t\t\t\t\t\t\t\t\t<\/td>\n\t\t\t\t\t\t\t<\/tr>\n\t\t\t\t\t<tr class=\"wd-rs-6651833308bbc\">\n\t\t\t\t\t\t\t\t\t\t\t\t\t\t<td colspan=\"1\" rowspan=\"1\">\n\t\t\t\t\t\t\t\t\t\t\t\t\tPoids avec syst\u00e8me d'attache rapide\t\t\t\t\t\t\t\t\t\t\t<\/td>\n\t\t\t\t\t\t\t\t\t\t\t\t\t\t<td colspan=\"1\" rowspan=\"1\">\n\t\t\t\t\t\t\t\t\t\t\t\t\t11.500 kg\t\t\t\t\t\t\t\t\t\t\t<\/td>\n\t\t\t\t\t\t\t<\/tr>\n\t\t\t\t\t<tr class=\"wd-rs-66518323c9407\">\n\t\t\t\t\t\t\t\t\t\t\t\t\t\t<td colspan=\"1\" rowspan=\"1\">\n\t\t\t\t\t\t\t\t\t\t\t\t\tHauteur\t\t\t\t\t\t\t\t\t\t\t<\/td>\n\t\t\t\t\t\t\t\t\t\t\t\t\t\t<td colspan=\"1\" rowspan=\"1\">\n\t\t\t\t\t\t\t\t\t\t\t\t\t2,405 m\t\t\t\t\t\t\t\t\t\t\t<\/td>\n\t\t\t\t\t\t\t<\/tr>\n\t\t\t\t\t<tr class=\"wd-rs-66518318b44e8\">\n\t\t\t\t\t\t\t\t\t\t\t\t\t\t<td colspan=\"1\" rowspan=\"1\">\n\t\t\t\t\t\t\t\t\t\t\t\t\tLargeur\t\t\t\t\t\t\t\t\t\t\t<\/td>\n\t\t\t\t\t\t\t\t\t\t\t\t\t\t<td colspan=\"1\" rowspan=\"1\">\n\t\t\t\t\t\t\t\t\t\t\t\t\t2, 586 m\t\t\t\t\t\t\t\t\t\t\t<\/td>\n\t\t\t\t\t\t\t<\/tr>\n\t\t\t\t\t<tr class=\"wd-rs-665182db6d5f8\">\n\t\t\t\t\t\t\t\t\t\t\t\t\t\t<td colspan=\"1\" rowspan=\"1\">\n\t\t\t\t\t\t\t\t\t\t\t\t\tLongueur\t\t\t\t\t\t\t\t\t\t\t<\/td>\n\t\t\t\t\t\t\t\t\t\t\t\t\t\t<td colspan=\"1\" rowspan=\"1\">\n\t\t\t\t\t\t\t\t\t\t\t\t\t7,020 m\t\t\t\t\t\t\t\t\t\t\t<\/td>\n\t\t\t\t\t\t\t<\/tr>\n\t\t\t\t\t<tr class=\"wd-rs-665184593c09a\">\n\t\t\t\t\t\t\t\t\t\t\t\t\t\t<th colspan=\"1\" rowspan=\"1\">\n\t\t\t\t\t\t\t\t\t\t\t\t\tPoids et dimensions des balles\t\t\t\t\t\t\t\t\t\t\t<\/th>\n\t\t\t\t\t\t\t\t\t\t\t\t\t\t<td colspan=\"1\" rowspan=\"1\">\n\t\t\t\t\t\t\t\t\t\t\t<\/td>\n\t\t\t\t\t\t\t<\/tr>\n\t\t\t\t\t<tr class=\"wd-rs-66518438643c2\">\n\t\t\t\t\t\t\t\t\t\t\t\t\t\t<td colspan=\"1\" rowspan=\"1\">\n\t\t\t\t\t\t\t\t\t\t\t\t\tDiam\u00e8tre\t\t\t\t\t\t\t\t\t\t\t<\/td>\n\t\t\t\t\t\t\t\t\t\t\t\t\t\t<td colspan=\"1\" rowspan=\"1\">\n\t\t\t\t\t\t\t\t\t\t\t\t\t60 a 80 cm\t\t\t\t\t\t\t\t\t\t\t<\/td>\n\t\t\t\t\t\t\t<\/tr>\n\t\t\t\t\t<tr class=\"wd-rs-665184313b1cf\">\n\t\t\t\t\t\t\t\t\t\t\t\t\t\t<td colspan=\"1\" rowspan=\"1\">\n\t\t\t\t\t\t\t\t\t\t\t\t\tLongueur\t\t\t\t\t\t\t\t\t\t\t<\/td>\n\t\t\t\t\t\t\t\t\t\t\t\t\t\t<td colspan=\"1\" rowspan=\"1\">\n\t\t\t\t\t\t\t\t\t\t\t\t\tProgrammable\t\t\t\t\t\t\t\t\t\t\t<\/td>\n\t\t\t\t\t\t\t<\/tr>\n\t\t\t\t\t<tr class=\"wd-rs-66518428e0ceb\">\n\t\t\t\t\t\t\t\t\t\t\t\t\t\t<td colspan=\"1\" rowspan=\"1\">\n\t\t\t\t\t\t\t\t\t\t\t\t\tPoids\t\t\t\t\t\t\t\t\t\t\t<\/td>\n\t\t\t\t\t\t\t\t\t\t\t\t\t\t<td colspan=\"1\" rowspan=\"1\">\n\t\t\t\t\t\t\t\t\t\t\t\t\tVarie selon la programmation\t\t\t\t\t\t\t\t\t\t\t<\/td>\n\t\t\t\t\t\t\t<\/tr>\n\t\t\t\t\t\t\t<\/tbody>\n\t\t\t\t<\/table>\n\t\t\t<\/div>\n\t\t<\/div>\n\t\t<\/div><\/div><\/div><div class=\"wpb_column vc_column_container vc_col-sm-3\"><div class=\"vc_column-inner\"><div class=\"wpb_wrapper\"><\/div><\/div><\/div><\/div>\n<\/div>","protected":false},"excerpt":{"rendered":"<p>La presse \u00e0 biomasse ENFO-2000 a \u00e9t\u00e9 con\u00e7ue en tenant compte des caract\u00e9ristiques exigeantes du secteur forestier, o\u00f9 il y a g\u00e9n\u00e9ralement des pentes raides et des acc\u00e8s difficiles. Gr\u00e2ce \u00e0 sa conception robuste, compacte et fonctionnelle et \u00e0 l'utilisation de mat\u00e9riaux de haute qualit\u00e9 dans sa construction, il peut \u00eatre utilis\u00e9 dans des zones d\u00e9favorables, sans aucune restriction quant \u00e0 la longueur de la balle ou au type de mat\u00e9riau. De plus, il est con\u00e7u pour \u00eatre rapidement et facilement coupl\u00e9 et d\u00e9coupl\u00e9 au v\u00e9hicule de base via un syst\u00e8me de v\u00e9rins de support hydrauliques. L'ENFO-2000 avec le processus de compression et de liage peut r\u00e9duire le volume de biomasse jusqu'\u00e0 80 %, ce qui rend les balles compactes, maniables et r\u00e9sistantes qui peuvent \u00eatre facilement transport\u00e9es et stock\u00e9es.<\/p>\n<p><img decoding=\"async\" src=\"https:\/\/maquinasflorestais.com\/wp-content\/uploads\/2024\/10\/pdf.png\" \/> <a href=\"https:\/\/maquinasflorestais.com\/wp-content\/uploads\/2024\/06\/MONRA_ENFO-2000_-_FR.pdf\" target=\"_blank\"><strong> Fiche technique.<\/strong><\/a><\/p>\n<table style=\"border-top: 1px solid #c0c0c0;\">\n<tr>\n<td style=\"width: 15%; border-bottom: none;\"><img decoding=\"async\" src=\"https:\/\/maquinasflorestais.com\/wp-content\/uploads\/2024\/10\/henrique.jpeg\" width=\"90\" \/><\/td>\n<td style=\"border-bottom: none;\">\n<h3>David Magalh\u00e3es<\/h3>\n<p>\t\t<img loading=\"lazy\" decoding=\"async\" src=\"https:\/\/maquinasflorestais.com\/wp-content\/uploads\/2024\/06\/flag-pt.svg\" alt=\"\" width=\"20\" height=\"20\" \/> <img loading=\"lazy\" decoding=\"async\" src=\"https:\/\/maquinasflorestais.com\/wp-content\/uploads\/2024\/06\/flag-sp.svg\" alt=\"\" width=\"20\" height=\"20\" \/><\/p>\n<p>D\u00e9partement commercial<br \/>T. (+351) 915 508 925<\/p>\n<\/td>\n<\/tr>\n<tr>\n<td><\/td>\n<td><a href=\"mailto:david@forestcortemaquinas.pt\" title=\"\" class=\"btn btn-color-default btn-style-default btn-style-rectangle btn-size-small btn-icon-pos-right\">E-mail<span class=\"wd-btn-icon\"><span class=\"wd-icon far fa-envelope\"><\/span><\/span><\/a><\/td>\n<\/tr>\n<\/table>","protected":false},"featured_media":9799,"template":"","meta":[],"product_brand":[],"product_cat":[85],"product_tag":[87,86,88,82,83],"class_list":{"0":"post-9787","1":"product","2":"type-product","3":"status-publish","4":"has-post-thumbnail","6":"product_cat-enfardadeira","7":"product_tag-conpactadora","8":"product_tag-enfardadora","9":"product_tag-enfo-2000","10":"product_tag-maquinas-florestais","11":"product_tag-monra","13":"first","14":"instock","15":"shipping-taxable","16":"product-type-simple"},"_links":{"self":[{"href":"https:\/\/maquinasflorestais.com\/fr\/wp-json\/wp\/v2\/product\/9787","targetHints":{"allow":["GET"]}}],"collection":[{"href":"https:\/\/maquinasflorestais.com\/fr\/wp-json\/wp\/v2\/product"}],"about":[{"href":"https:\/\/maquinasflorestais.com\/fr\/wp-json\/wp\/v2\/types\/product"}],"wp:featuredmedia":[{"embeddable":true,"href":"https:\/\/maquinasflorestais.com\/fr\/wp-json\/wp\/v2\/media\/9799"}],"wp:attachment":[{"href":"https:\/\/maquinasflorestais.com\/fr\/wp-json\/wp\/v2\/media?parent=9787"}],"wp:term":[{"taxonomy":"product_brand","embeddable":true,"href":"https:\/\/maquinasflorestais.com\/fr\/wp-json\/wp\/v2\/product_brand?post=9787"},{"taxonomy":"product_cat","embeddable":true,"href":"https:\/\/maquinasflorestais.com\/fr\/wp-json\/wp\/v2\/product_cat?post=9787"},{"taxonomy":"product_tag","embeddable":true,"href":"https:\/\/maquinasflorestais.com\/fr\/wp-json\/wp\/v2\/product_tag?post=9787"}],"curies":[{"name":"wp","href":"https:\/\/api.w.org\/{rel}","templated":true}]}}