{"id":12831,"date":"2024-07-08T09:11:27","date_gmt":"2024-07-08T09:11:27","guid":{"rendered":"https:\/\/maquinasflorestais.com\/produtos\/olofsfors-tracks\/"},"modified":"2025-05-22T17:59:03","modified_gmt":"2025-05-22T17:59:03","slug":"olofsfors-tracks","status":"publish","type":"product","link":"https:\/\/maquinasflorestais.com\/fr\/produtos\/olofsfors-tracks\/","title":{"rendered":"Olofsfors Tracks"},"content":{"rendered":"<div class=\"wpb-content-wrapper\"><div class=\"vc_row wpb_row vc_row-fluid\"><div class=\"wpb_column vc_column_container vc_col-sm-4\"><div class=\"vc_column-inner\"><div class=\"wpb_wrapper\">\n\t\t<div id=\"wd-6710f9f8459cf\" class=\"title-wrapper wd-wpb set-mb-s reset-last-child  wd-rs-6710f9f8459cf wd-title-color-default wd-title-style-default text-center  wd-underline-colored\">\n\t\t\t\n\t\t\t<div class=\"liner-continer\">\n\t\t\t\t<h4 class=\"woodmart-title-container title  wd-font-weight- wd-fontsize-l\" >Cinq raisons de choisir les ECOTRACKS\u2122 d\u2019Olofsfors<\/h4>\n\t\t\t\t\t\t\t<\/div>\n\t\t\t\n\t\t\t\n\t\t\t\n\t\t<\/div>\n\t\t\n\t\t\n\t<div class=\"wpb_text_column wpb_content_element\" >\n\t\t<div class=\"wpb_wrapper\">\n\t\t\t<p>Nous savons que le terrain sur lequel vous travaillez exige beaucoup de performance et nous savons aussi que ce travail peut avoir un impact important sur l\u2019environnement. C\u2019est pour cela que nos tracks sont d\u00e9velopp\u00e9s en pensant \u00e0 vous et \u00e0 l\u2019environnement.<\/p>\n\n\t\t<\/div>\n\t<\/div>\n<\/div><\/div><\/div><div class=\"wpb_column vc_column_container vc_col-sm-4 wd-rs-668bce9ccd1d3\"><div class=\"vc_column-inner\"><div class=\"wpb_wrapper\">\n\t<div  class=\"wpb_single_image wpb_content_element vc_align_left\">\n\t\t\n\t\t<figure class=\"wpb_wrapper vc_figure\">\n\t\t\t<div class=\"vc_single_image-wrapper   vc_box_border_grey\"><img loading=\"lazy\" decoding=\"async\" width=\"600\" height=\"300\" src=\"https:\/\/maquinasflorestais.com\/wp-content\/uploads\/2024\/07\/olofsfors-1.webp\" class=\"vc_single_image-img attachment-full\" alt=\"\" title=\"olofsfors-1\" srcset=\"https:\/\/maquinasflorestais.com\/wp-content\/uploads\/2024\/07\/olofsfors-1.webp 600w, https:\/\/maquinasflorestais.com\/wp-content\/uploads\/2024\/07\/olofsfors-1-400x200.webp 400w, https:\/\/maquinasflorestais.com\/wp-content\/uploads\/2024\/07\/olofsfors-1-430x215.webp 430w, https:\/\/maquinasflorestais.com\/wp-content\/uploads\/2024\/07\/olofsfors-1-150x75.webp 150w\" sizes=\"auto, (max-width: 600px) 100vw, 600px\" \/><\/div>\n\t\t<\/figure>\n\t<\/div>\n\n\t\t<div id=\"wd-6710fa26f377d\" class=\"title-wrapper wd-wpb set-mb-s reset-last-child  wd-rs-6710fa26f377d wd-title-color-default wd-title-style-default text-center  wd-underline-colored\">\n\t\t\t\n\t\t\t<div class=\"liner-continer\">\n\t\t\t\t<h4 class=\"woodmart-title-container title  wd-font-weight- wd-fontsize-l\" >B\u00e9n\u00e9ficiez d\u2019une stabilit\u00e9 accrue et am\u00e9liorez votre capacit\u00e9 de charge<\/h4>\n\t\t\t\t\t\t\t<\/div>\n\t\t\t\n\t\t\t\n\t\t\t\n\t\t<\/div>\n\t\t\n\t\t\n\t<div class=\"wpb_text_column wpb_content_element\" >\n\t\t<div class=\"wpb_wrapper\">\n\t\t\t<p>Gr\u00e2ce \u00e0 une surface de contact plus grande, votre machine sera plus stable sur terrain instable. R\u00e9duit le risque de renversement afin que vous puissiez conduire plus vite et transporter plus de choses. Gagnez du temps et offrez une meilleure exp\u00e9rience op\u00e9rationnelle.<\/p>\n\n\t\t<\/div>\n\t<\/div>\n<\/div><\/div><\/div><div class=\"wpb_column vc_column_container vc_col-sm-4 wd-rs-668bcea87237a\"><div class=\"vc_column-inner\"><div class=\"wpb_wrapper\">\n\t<div  class=\"wpb_single_image wpb_content_element vc_align_left\">\n\t\t\n\t\t<figure class=\"wpb_wrapper vc_figure\">\n\t\t\t<div class=\"vc_single_image-wrapper   vc_box_border_grey\"><img loading=\"lazy\" decoding=\"async\" width=\"600\" height=\"300\" src=\"https:\/\/maquinasflorestais.com\/wp-content\/uploads\/2024\/07\/olofsfors-2.webp\" class=\"vc_single_image-img attachment-full\" alt=\"\" title=\"olofsfors-2\" srcset=\"https:\/\/maquinasflorestais.com\/wp-content\/uploads\/2024\/07\/olofsfors-2.webp 600w, https:\/\/maquinasflorestais.com\/wp-content\/uploads\/2024\/07\/olofsfors-2-400x200.webp 400w, https:\/\/maquinasflorestais.com\/wp-content\/uploads\/2024\/07\/olofsfors-2-430x215.webp 430w, https:\/\/maquinasflorestais.com\/wp-content\/uploads\/2024\/07\/olofsfors-2-150x75.webp 150w\" sizes=\"auto, (max-width: 600px) 100vw, 600px\" \/><\/div>\n\t\t<\/figure>\n\t<\/div>\n\n\t\t<div id=\"wd-6710fa4d65547\" class=\"title-wrapper wd-wpb set-mb-s reset-last-child  wd-rs-6710fa4d65547 wd-title-color-default wd-title-style-default text-center  wd-underline-colored\">\n\t\t\t\n\t\t\t<div class=\"liner-continer\">\n\t\t\t\t<h4 class=\"woodmart-title-container title  wd-font-weight- wd-fontsize-l\" >Doux pour la for\u00eat et le sol<\/h4>\n\t\t\t\t\t\t\t<\/div>\n\t\t\t\n\t\t\t\n\t\t\t\n\t\t<\/div>\n\t\t\n\t\t\n\t<div class=\"wpb_text_column wpb_content_element\" >\n\t\t<div class=\"wpb_wrapper\">\n\t\t\t<p>D\u00e9pourvus de tracks, vos pneus s\u2019enfoncent dans le sol et y creusent de profondes orni\u00e8res. Ils endommagent \u00e9galement les racines des arbres. Le sol est comprim\u00e9, emp\u00eachant l\u2019eau qui s\u2019accumule dans les orni\u00e8res de s\u2019y infiltrer. Gr\u00e2ce aux tracks Olofsfors, vous assurez la repousse de la for\u00eat, garantissant ainsi que son exploitation demeure rentable sur le long terme.<\/p>\n\n\t\t<\/div>\n\t<\/div>\n<\/div><\/div><\/div><\/div><div class=\"vc_row wpb_row vc_row-fluid\"><div class=\"wpb_column vc_column_container vc_col-sm-4 wd-rs-668bceb63bb31\"><div class=\"vc_column-inner\"><div class=\"wpb_wrapper\">\n\t<div  class=\"wpb_single_image wpb_content_element vc_align_left\">\n\t\t\n\t\t<figure class=\"wpb_wrapper vc_figure\">\n\t\t\t<div class=\"vc_single_image-wrapper   vc_box_border_grey\"><img loading=\"lazy\" decoding=\"async\" width=\"600\" height=\"300\" src=\"https:\/\/maquinasflorestais.com\/wp-content\/uploads\/2024\/07\/olofsfors-3.webp\" class=\"vc_single_image-img attachment-full\" alt=\"\" title=\"olofsfors-3\" srcset=\"https:\/\/maquinasflorestais.com\/wp-content\/uploads\/2024\/07\/olofsfors-3.webp 600w, https:\/\/maquinasflorestais.com\/wp-content\/uploads\/2024\/07\/olofsfors-3-400x200.webp 400w, https:\/\/maquinasflorestais.com\/wp-content\/uploads\/2024\/07\/olofsfors-3-430x215.webp 430w, https:\/\/maquinasflorestais.com\/wp-content\/uploads\/2024\/07\/olofsfors-3-150x75.webp 150w\" sizes=\"auto, (max-width: 600px) 100vw, 600px\" \/><\/div>\n\t\t<\/figure>\n\t<\/div>\n\n\t\t<div id=\"wd-6710fa7613561\" class=\"title-wrapper wd-wpb set-mb-s reset-last-child  wd-rs-6710fa7613561 wd-title-color-default wd-title-style-default text-center  wd-underline-colored\">\n\t\t\t\n\t\t\t<div class=\"liner-continer\">\n\t\t\t\t<h4 class=\"woodmart-title-container title  wd-font-weight- wd-fontsize-l\" >Meilleure adh\u00e9rence et puissance de traction accrue<\/h4>\n\t\t\t\t\t\t\t<\/div>\n\t\t\t\n\t\t\t\n\t\t\t\n\t\t<\/div>\n\t\t\n\t\t\n\t<div class=\"wpb_text_column wpb_content_element\" >\n\t\t<div class=\"wpb_wrapper\">\n\t\t\t<p>Nos tracks offrent une meilleure adh\u00e9rence et une puissance de traction accrue, quel que soit le terrain. Ces performances d\u00e9coulent non seulement de l\u2019augmentation de la surface de contact, mais aussi de la forme unique des tuiles. Personnalisez la taille et le profil des tuiles en fonction de votre terrain.<\/p>\n\n\t\t<\/div>\n\t<\/div>\n<\/div><\/div><\/div><div class=\"wpb_column vc_column_container vc_col-sm-4 wd-rs-668bcec42ff9d\"><div class=\"vc_column-inner\"><div class=\"wpb_wrapper\">\n\t<div  class=\"wpb_single_image wpb_content_element vc_align_left\">\n\t\t\n\t\t<figure class=\"wpb_wrapper vc_figure\">\n\t\t\t<div class=\"vc_single_image-wrapper   vc_box_border_grey\"><img loading=\"lazy\" decoding=\"async\" width=\"600\" height=\"300\" src=\"https:\/\/maquinasflorestais.com\/wp-content\/uploads\/2024\/07\/olofsfors-4.webp\" class=\"vc_single_image-img attachment-full\" alt=\"\" title=\"olofsfors-4\" srcset=\"https:\/\/maquinasflorestais.com\/wp-content\/uploads\/2024\/07\/olofsfors-4.webp 600w, https:\/\/maquinasflorestais.com\/wp-content\/uploads\/2024\/07\/olofsfors-4-400x200.webp 400w, https:\/\/maquinasflorestais.com\/wp-content\/uploads\/2024\/07\/olofsfors-4-430x215.webp 430w, https:\/\/maquinasflorestais.com\/wp-content\/uploads\/2024\/07\/olofsfors-4-150x75.webp 150w\" sizes=\"auto, (max-width: 600px) 100vw, 600px\" \/><\/div>\n\t\t<\/figure>\n\t<\/div>\n\n\t\t<div id=\"wd-6710fa9becda4\" class=\"title-wrapper wd-wpb set-mb-s reset-last-child  wd-rs-6710fa9becda4 wd-title-color-default wd-title-style-default text-center  wd-underline-colored\">\n\t\t\t\n\t\t\t<div class=\"liner-continer\">\n\t\t\t\t<h4 class=\"woodmart-title-container title  wd-font-weight- wd-fontsize-l\" >Allongement de la dur\u00e9e de vie des pneus<\/h4>\n\t\t\t\t\t\t\t<\/div>\n\t\t\t\n\t\t\t\n\t\t\t\n\t\t<\/div>\n\t\t\n\t\t\n\t<div class=\"wpb_text_column wpb_content_element\" >\n\t\t<div class=\"wpb_wrapper\">\n\t\t\t<p>L\u2019absence de tracks augmente l\u2019usure des pneus, mais aussi les risques d\u2019endommagement et de crevaisons des pneus, susceptibles d\u2019occasionner des temps d\u2019arr\u00eat et une r\u00e9duction de la production. Nos tracks prot\u00e8gent correctement vos pneus, vous permettant de prolonger leur dur\u00e9e de vie de 65 \u00e0 75 %.<\/p>\n\n\t\t<\/div>\n\t<\/div>\n<\/div><\/div><\/div><div class=\"wpb_column vc_column_container vc_col-sm-4 wd-rs-668bced0ae8db\"><div class=\"vc_column-inner\"><div class=\"wpb_wrapper\">\n\t<div  class=\"wpb_single_image wpb_content_element vc_align_left\">\n\t\t\n\t\t<figure class=\"wpb_wrapper vc_figure\">\n\t\t\t<div class=\"vc_single_image-wrapper   vc_box_border_grey\"><img loading=\"lazy\" decoding=\"async\" width=\"600\" height=\"300\" src=\"https:\/\/maquinasflorestais.com\/wp-content\/uploads\/2024\/07\/olofsfors-5.webp\" class=\"vc_single_image-img attachment-full\" alt=\"\" title=\"olofsfors-5\" srcset=\"https:\/\/maquinasflorestais.com\/wp-content\/uploads\/2024\/07\/olofsfors-5.webp 600w, https:\/\/maquinasflorestais.com\/wp-content\/uploads\/2024\/07\/olofsfors-5-400x200.webp 400w, https:\/\/maquinasflorestais.com\/wp-content\/uploads\/2024\/07\/olofsfors-5-430x215.webp 430w, https:\/\/maquinasflorestais.com\/wp-content\/uploads\/2024\/07\/olofsfors-5-150x75.webp 150w\" sizes=\"auto, (max-width: 600px) 100vw, 600px\" \/><\/div>\n\t\t<\/figure>\n\t<\/div>\n\n\t\t<div id=\"wd-6710fac123f4a\" class=\"title-wrapper wd-wpb set-mb-s reset-last-child  wd-rs-6710fac123f4a wd-title-color-default wd-title-style-default text-center  wd-underline-colored\">\n\t\t\t\n\t\t\t<div class=\"liner-continer\">\n\t\t\t\t<h4 class=\"woodmart-title-container title  wd-font-weight- wd-fontsize-l\" >R\u00e9duction de la consommation de carburant<\/h4>\n\t\t\t\t\t\t\t<\/div>\n\t\t\t\n\t\t\t\n\t\t\t\n\t\t<\/div>\n\t\t\n\t\t\n\t<div class=\"wpb_text_column wpb_content_element\" >\n\t\t<div class=\"wpb_wrapper\">\n\t\t\t<p>Les ECO-TRACKS\u2122 Olofsfors r\u00e9partissent la pression de la machine sur le sol de mani\u00e8re plus uniforme. De ce fait, les pneus s\u2019enfoncent moins profond\u00e9ment, r\u00e9duisant les efforts n\u00e9cessaires de la part de la machine ainsi que la consommation de carburant.<\/p>\n\n\t\t<\/div>\n\t<\/div>\n<\/div><\/div><\/div><\/div>\n<\/div>","protected":false},"excerpt":{"rendered":"<p>Les tracks foresti\u00e8res offrent une adh\u00e9rence fiable sur tous les sous-sols et exercent une pression minimale sur le sol pour prot\u00e9ger la nature. Sur terrain accident\u00e9, la fiabilit\u00e9 et la stabilit\u00e9 sont des facteurs d\u00e9cisifs pour un travail s\u00fbr et efficace. Forestcorte M\u00e1quinas produit des cl\u00e9s pour vos tracks.<\/p>\n<table style=\"border-top: 1px solid #c0c0c0;\">\n<tbody>\n<tr>\n<td style=\"width: 15%; border-bottom: none;\"><img decoding=\"async\" src=\"https:\/\/maquinasflorestais.com\/wp-content\/uploads\/2024\/10\/henrique.jpeg\" width=\"90\" \/><\/td>\n<td style=\"border-bottom: none;\">\n<h3>David Magalh\u00e3es<\/h3>\n<p><img loading=\"lazy\" decoding=\"async\" src=\"https:\/\/maquinasflorestais.com\/wp-content\/uploads\/2024\/06\/flag-pt.svg\" alt=\"\" width=\"20\" height=\"20\" \/> <img loading=\"lazy\" decoding=\"async\" src=\"https:\/\/maquinasflorestais.com\/wp-content\/uploads\/2024\/06\/flag-sp.svg\" alt=\"\" width=\"20\" height=\"20\" \/><\/p>\n<p>D\u00e9partement commercial<br \/>\nT. (+351) 915 508 925<\/td>\n<\/tr>\n<tr>\n<td><\/td>\n<td><a class=\"btn btn-color-default btn-style-default btn-style-rectangle btn-size-small btn-icon-pos-right\" title=\"\" href=\"mailto:david@forestcortemaquinas.pt\">E-mail<\/a><\/td>\n<\/tr>\n<\/tbody>\n<\/table>","protected":false},"featured_media":12731,"template":"","meta":[],"product_brand":[],"product_cat":[211],"product_tag":[204,81,82,241,198,203],"class_list":{"0":"post-12831","1":"product","2":"type-product","3":"status-publish","4":"has-post-thumbnail","6":"product_cat-consumiveis-2","7":"product_tag-461-lf","8":"product_tag-cabeca-de-corte","9":"product_tag-maquinas-florestais","10":"product_tag-olofsfors","11":"product_tag-sp","12":"product_tag-sp-461-lf","14":"first","15":"instock","16":"shipping-taxable","17":"product-type-simple"},"_links":{"self":[{"href":"https:\/\/maquinasflorestais.com\/fr\/wp-json\/wp\/v2\/product\/12831","targetHints":{"allow":["GET"]}}],"collection":[{"href":"https:\/\/maquinasflorestais.com\/fr\/wp-json\/wp\/v2\/product"}],"about":[{"href":"https:\/\/maquinasflorestais.com\/fr\/wp-json\/wp\/v2\/types\/product"}],"wp:featuredmedia":[{"embeddable":true,"href":"https:\/\/maquinasflorestais.com\/fr\/wp-json\/wp\/v2\/media\/12731"}],"wp:attachment":[{"href":"https:\/\/maquinasflorestais.com\/fr\/wp-json\/wp\/v2\/media?parent=12831"}],"wp:term":[{"taxonomy":"product_brand","embeddable":true,"href":"https:\/\/maquinasflorestais.com\/fr\/wp-json\/wp\/v2\/product_brand?post=12831"},{"taxonomy":"product_cat","embeddable":true,"href":"https:\/\/maquinasflorestais.com\/fr\/wp-json\/wp\/v2\/product_cat?post=12831"},{"taxonomy":"product_tag","embeddable":true,"href":"https:\/\/maquinasflorestais.com\/fr\/wp-json\/wp\/v2\/product_tag?post=12831"}],"curies":[{"name":"wp","href":"https:\/\/api.w.org\/{rel}","templated":true}]}}