{"id":9823,"date":"2024-05-26T07:55:59","date_gmt":"2024-05-26T07:55:59","guid":{"rendered":"https:\/\/maquinasflorestais.com\/?post_type=product&#038;p=9823"},"modified":"2025-05-22T18:03:56","modified_gmt":"2025-05-22T18:03:56","slug":"hsp-gripen-bio","status":"publish","type":"product","link":"https:\/\/maquinasflorestais.com\/es\/produtos\/hsp-gripen-bio\/","title":{"rendered":"HSP Gripen Bio"},"content":{"rendered":"<div class=\"wpb-content-wrapper\"><div class=\"vc_row wpb_row vc_row-fluid\"><div class=\"wpb_column vc_column_container vc_col-sm-12 wd-enabled-flex wd-rs-66aa4a476d2ea\"><div class=\"vc_column-inner\"><div class=\"wpb_wrapper\">\t\t<div class=\"wd-wpb wd-rs-6790e15122d9a\">\n\t\t\t<div class=\"wd-el-table-wrap wd-reset-all-last\">\n\t\t\t\t<table class=\"wd-el-table\">\n\t\t\t\t\t<tbody class=\"text-center\">\n\t\t\t\t\t\t\t\t<tr class=\"wd-rs-6790e6b6ba5d1\">\n\t\t\t\t\t\t\t\t\t\t\t\t\t\t<td colspan=\"1\" rowspan=\"1\">\n\t\t\t\t\t\t\t\t\t\t\t<\/td>\n\t\t\t\t\t\t\t\t\t\t\t\t\t\t<th colspan=\"1\" rowspan=\"1\" class=\"text-center\">\n\t\t\t\t\t\t\t\t\t\t\t\t\tHSP 015 BIO\t\t\t\t\t\t\t\t\t\t\t<\/th>\n\t\t\t\t\t\t\t\t\t\t\t\t\t\t<th colspan=\"1\" rowspan=\"1\" class=\"text-center\">\n\t\t\t\t\t\t\t\t\t\t\t\t\tHSP 020 BIO\t\t\t\t\t\t\t\t\t\t\t<\/th>\n\t\t\t\t\t\t\t\t\t\t\t\t\t\t<th colspan=\"1\" rowspan=\"1\" class=\"text-center\">\n\t\t\t\t\t\t\t\t\t\t\t\t\tHSP 025 BIO\t\t\t\t\t\t\t\t\t\t\t<\/th>\n\t\t\t\t\t\t\t\t\t\t\t\t\t\t<th colspan=\"1\" rowspan=\"1\" class=\"text-center\">\n\t\t\t\t\t\t\t\t\t\t\t\t\tHSP 028 BIO\t\t\t\t\t\t\t\t\t\t\t<\/th>\n\t\t\t\t\t\t\t\t\t\t\t\t\t\t<th colspan=\"1\" rowspan=\"1\" class=\"text-center\">\n\t\t\t\t\t\t\t\t\t\t\t\t\tHSP 035 BIO\t\t\t\t\t\t\t\t\t\t\t<\/th>\n\t\t\t\t\t\t\t\t\t\t\t\t\t\t<th colspan=\"1\" rowspan=\"1\" class=\"text-center\">\n\t\t\t\t\t\t\t\t\t\t\t\t\tHSP 040 BIO\t\t\t\t\t\t\t\t\t\t\t<\/th>\n\t\t\t\t\t\t\t\t\t\t\t\t\t\t<th colspan=\"1\" rowspan=\"1\" class=\"text-center\">\n\t\t\t\t\t\t\t\t\t\t\t\t\tHSP 055 BIO\t\t\t\t\t\t\t\t\t\t\t<\/th>\n\t\t\t\t\t\t\t\t\t\t\t\t\t\t<th colspan=\"1\" rowspan=\"1\" class=\"text-center\">\n\t\t\t\t\t\t\t\t\t\t\t\t\tHSP 080 BIO\t\t\t\t\t\t\t\t\t\t\t<\/th>\n\t\t\t\t\t\t\t\t\t\t\t\t\t\t<th colspan=\"1\" rowspan=\"1\" class=\"text-center\">\n\t\t\t\t\t\t\t\t\t\t\t\t\tHSP 100 BIO\t\t\t\t\t\t\t\t\t\t\t<\/th>\n\t\t\t\t\t\t\t<\/tr>\n\t\t\t\t\t<tr class=\"wd-rs-6790e736500eb\">\n\t\t\t\t\t\t\t\t\t\t\t\t\t\t<th colspan=\"1\" rowspan=\"1\">\n\t\t\t\t\t\t\t\t\t\t\t\t\tPresi\u00f3n m\u00e1xima (MPa)\t\t\t\t\t\t\t\t\t\t\t<\/th>\n\t\t\t\t\t\t\t\t\t\t\t\t\t\t<td colspan=\"1\" rowspan=\"1\" class=\"text-center\">\n\t\t\t\t\t\t\t\t\t\t\t\t\t23\t\t\t\t\t\t\t\t\t\t\t<\/td>\n\t\t\t\t\t\t\t\t\t\t\t\t\t\t<td colspan=\"1\" rowspan=\"1\" class=\"text-center\">\n\t\t\t\t\t\t\t\t\t\t\t\t\t23\t\t\t\t\t\t\t\t\t\t\t<\/td>\n\t\t\t\t\t\t\t\t\t\t\t\t\t\t<td colspan=\"1\" rowspan=\"1\" class=\"text-center\">\n\t\t\t\t\t\t\t\t\t\t\t\t\t23\t\t\t\t\t\t\t\t\t\t\t<\/td>\n\t\t\t\t\t\t\t\t\t\t\t\t\t\t<td colspan=\"1\" rowspan=\"1\" class=\"text-center\">\n\t\t\t\t\t\t\t\t\t\t\t\t\t23\t\t\t\t\t\t\t\t\t\t\t<\/td>\n\t\t\t\t\t\t\t\t\t\t\t\t\t\t<td colspan=\"1\" rowspan=\"1\" class=\"text-center\">\n\t\t\t\t\t\t\t\t\t\t\t\t\t23\t\t\t\t\t\t\t\t\t\t\t<\/td>\n\t\t\t\t\t\t\t\t\t\t\t\t\t\t<td colspan=\"1\" rowspan=\"1\" class=\"text-center\">\n\t\t\t\t\t\t\t\t\t\t\t\t\t23\t\t\t\t\t\t\t\t\t\t\t<\/td>\n\t\t\t\t\t\t\t\t\t\t\t\t\t\t<td colspan=\"1\" rowspan=\"1\" class=\"text-center\">\n\t\t\t\t\t\t\t\t\t\t\t\t\t23\t\t\t\t\t\t\t\t\t\t\t<\/td>\n\t\t\t\t\t\t\t\t\t\t\t\t\t\t<td colspan=\"1\" rowspan=\"1\" class=\"text-center\">\n\t\t\t\t\t\t\t\t\t\t\t\t\t25\t\t\t\t\t\t\t\t\t\t\t<\/td>\n\t\t\t\t\t\t\t\t\t\t\t\t\t\t<td colspan=\"1\" rowspan=\"1\" class=\"text-center\">\n\t\t\t\t\t\t\t\t\t\t\t\t\t25\t\t\t\t\t\t\t\t\t\t\t<\/td>\n\t\t\t\t\t\t\t<\/tr>\n\t\t\t\t\t<tr class=\"wd-rs-67bd8b21cdb0d\">\n\t\t\t\t\t\t\t\t\t\t\t\t\t\t<th colspan=\"1\" rowspan=\"1\">\n\t\t\t\t\t\t\t\t\t\t\t\t\tCarga m\u00e1xima (kg)\t\t\t\t\t\t\t\t\t\t\t<\/th>\n\t\t\t\t\t\t\t\t\t\t\t\t\t\t<td colspan=\"1\" rowspan=\"1\" class=\"text-center\">\n\t\t\t\t\t\t\t\t\t\t\t\t\t2.000\t\t\t\t\t\t\t\t\t\t\t<\/td>\n\t\t\t\t\t\t\t\t\t\t\t\t\t\t<td colspan=\"1\" rowspan=\"1\" class=\"text-center\">\n\t\t\t\t\t\t\t\t\t\t\t\t\t2.000\t\t\t\t\t\t\t\t\t\t\t<\/td>\n\t\t\t\t\t\t\t\t\t\t\t\t\t\t<td colspan=\"1\" rowspan=\"1\" class=\"text-center\">\n\t\t\t\t\t\t\t\t\t\t\t\t\t3.500\t\t\t\t\t\t\t\t\t\t\t<\/td>\n\t\t\t\t\t\t\t\t\t\t\t\t\t\t<td colspan=\"1\" rowspan=\"1\" class=\"text-center\">\n\t\t\t\t\t\t\t\t\t\t\t\t\t3.500\t\t\t\t\t\t\t\t\t\t\t<\/td>\n\t\t\t\t\t\t\t\t\t\t\t\t\t\t<td colspan=\"1\" rowspan=\"1\" class=\"text-center\">\n\t\t\t\t\t\t\t\t\t\t\t\t\t5.000\t\t\t\t\t\t\t\t\t\t\t<\/td>\n\t\t\t\t\t\t\t\t\t\t\t\t\t\t<td colspan=\"1\" rowspan=\"1\" class=\"text-center\">\n\t\t\t\t\t\t\t\t\t\t\t\t\t5.000\t\t\t\t\t\t\t\t\t\t\t<\/td>\n\t\t\t\t\t\t\t\t\t\t\t\t\t\t<td colspan=\"1\" rowspan=\"1\" class=\"text-center\">\n\t\t\t\t\t\t\t\t\t\t\t\t\t5.000\t\t\t\t\t\t\t\t\t\t\t<\/td>\n\t\t\t\t\t\t\t\t\t\t\t\t\t\t<td colspan=\"1\" rowspan=\"1\" class=\"text-center\">\n\t\t\t\t\t\t\t\t\t\t\t\t\t6.500\t\t\t\t\t\t\t\t\t\t\t<\/td>\n\t\t\t\t\t\t\t\t\t\t\t\t\t\t<td colspan=\"1\" rowspan=\"1\">\n\t\t\t\t\t\t\t\t\t\t\t\t\t7.500\t\t\t\t\t\t\t\t\t\t\t<\/td>\n\t\t\t\t\t\t\t<\/tr>\n\t\t\t\t\t<tr class=\"wd-rs-6790e79f64660\">\n\t\t\t\t\t\t\t\t\t\t\t\t\t\t<th colspan=\"1\" rowspan=\"1\">\n\t\t\t\t\t\t\t\t\t\t\t\t\tAncho (mm)\t\t\t\t\t\t\t\t\t\t\t<\/th>\n\t\t\t\t\t\t\t\t\t\t\t\t\t\t<td colspan=\"1\" rowspan=\"1\" class=\"text-center\">\n\t\t\t\t\t\t\t\t\t\t\t\t\t355\t\t\t\t\t\t\t\t\t\t\t<\/td>\n\t\t\t\t\t\t\t\t\t\t\t\t\t\t<td colspan=\"1\" rowspan=\"1\" class=\"text-center\">\n\t\t\t\t\t\t\t\t\t\t\t\t\t355\t\t\t\t\t\t\t\t\t\t\t<\/td>\n\t\t\t\t\t\t\t\t\t\t\t\t\t\t<td colspan=\"1\" rowspan=\"1\" class=\"text-center\">\n\t\t\t\t\t\t\t\t\t\t\t\t\t434\t\t\t\t\t\t\t\t\t\t\t<\/td>\n\t\t\t\t\t\t\t\t\t\t\t\t\t\t<td colspan=\"1\" rowspan=\"1\" class=\"text-center\">\n\t\t\t\t\t\t\t\t\t\t\t\t\t434\t\t\t\t\t\t\t\t\t\t\t<\/td>\n\t\t\t\t\t\t\t\t\t\t\t\t\t\t<td colspan=\"1\" rowspan=\"1\" class=\"text-center\">\n\t\t\t\t\t\t\t\t\t\t\t\t\t472\t\t\t\t\t\t\t\t\t\t\t<\/td>\n\t\t\t\t\t\t\t\t\t\t\t\t\t\t<td colspan=\"1\" rowspan=\"1\" class=\"text-center\">\n\t\t\t\t\t\t\t\t\t\t\t\t\t472\t\t\t\t\t\t\t\t\t\t\t<\/td>\n\t\t\t\t\t\t\t\t\t\t\t\t\t\t<td colspan=\"1\" rowspan=\"1\" class=\"text-center\">\n\t\t\t\t\t\t\t\t\t\t\t\t\t472\t\t\t\t\t\t\t\t\t\t\t<\/td>\n\t\t\t\t\t\t\t\t\t\t\t\t\t\t<td colspan=\"1\" rowspan=\"1\" class=\"text-center\">\n\t\t\t\t\t\t\t\t\t\t\t\t\t714\t\t\t\t\t\t\t\t\t\t\t<\/td>\n\t\t\t\t\t\t\t\t\t\t\t\t\t\t<td colspan=\"1\" rowspan=\"1\">\n\t\t\t\t\t\t\t\t\t\t\t\t\t714\t\t\t\t\t\t\t\t\t\t\t<\/td>\n\t\t\t\t\t\t\t<\/tr>\n\t\t\t\t\t<tr class=\"wd-rs-6790e7ca7dd97\">\n\t\t\t\t\t\t\t\t\t\t\t\t\t\t<th colspan=\"1\" rowspan=\"1\">\n\t\t\t\t\t\t\t\t\t\t\t\t\tAltura de la pinza cerrada (mm)\t\t\t\t\t\t\t\t\t\t\t<\/th>\n\t\t\t\t\t\t\t\t\t\t\t\t\t\t<td colspan=\"1\" rowspan=\"1\" class=\"text-center\">\n\t\t\t\t\t\t\t\t\t\t\t\t\t510\t\t\t\t\t\t\t\t\t\t\t<\/td>\n\t\t\t\t\t\t\t\t\t\t\t\t\t\t<td colspan=\"1\" rowspan=\"1\" class=\"text-center\">\n\t\t\t\t\t\t\t\t\t\t\t\t\t510\t\t\t\t\t\t\t\t\t\t\t<\/td>\n\t\t\t\t\t\t\t\t\t\t\t\t\t\t<td colspan=\"1\" rowspan=\"1\" class=\"text-center\">\n\t\t\t\t\t\t\t\t\t\t\t\t\t540\t\t\t\t\t\t\t\t\t\t\t<\/td>\n\t\t\t\t\t\t\t\t\t\t\t\t\t\t<td colspan=\"1\" rowspan=\"1\" class=\"text-center\">\n\t\t\t\t\t\t\t\t\t\t\t\t\t530\t\t\t\t\t\t\t\t\t\t\t<\/td>\n\t\t\t\t\t\t\t\t\t\t\t\t\t\t<td colspan=\"1\" rowspan=\"1\" class=\"text-center\">\n\t\t\t\t\t\t\t\t\t\t\t\t\t565\t\t\t\t\t\t\t\t\t\t\t<\/td>\n\t\t\t\t\t\t\t\t\t\t\t\t\t\t<td colspan=\"1\" rowspan=\"1\" class=\"text-center\">\n\t\t\t\t\t\t\t\t\t\t\t\t\t610\t\t\t\t\t\t\t\t\t\t\t<\/td>\n\t\t\t\t\t\t\t\t\t\t\t\t\t\t<td colspan=\"1\" rowspan=\"1\" class=\"text-center\">\n\t\t\t\t\t\t\t\t\t\t\t\t\t695\t\t\t\t\t\t\t\t\t\t\t<\/td>\n\t\t\t\t\t\t\t\t\t\t\t\t\t\t<td colspan=\"1\" rowspan=\"1\" class=\"text-center\">\n\t\t\t\t\t\t\t\t\t\t\t\t\t835\t\t\t\t\t\t\t\t\t\t\t<\/td>\n\t\t\t\t\t\t\t\t\t\t\t\t\t\t<td colspan=\"1\" rowspan=\"1\">\n\t\t\t\t\t\t\t\t\t\t\t\t\t950\t\t\t\t\t\t\t\t\t\t\t<\/td>\n\t\t\t\t\t\t\t<\/tr>\n\t\t\t\t\t<tr class=\"wd-rs-6790e826d2afa\">\n\t\t\t\t\t\t\t\t\t\t\t\t\t\t<th colspan=\"1\" rowspan=\"1\">\n\t\t\t\t\t\t\t\t\t\t\t\t\tAltura de la pinza abierta (mm)\t\t\t\t\t\t\t\t\t\t\t<\/th>\n\t\t\t\t\t\t\t\t\t\t\t\t\t\t<td colspan=\"1\" rowspan=\"1\" class=\"text-center\">\n\t\t\t\t\t\t\t\t\t\t\t\t\t685\t\t\t\t\t\t\t\t\t\t\t<\/td>\n\t\t\t\t\t\t\t\t\t\t\t\t\t\t<td colspan=\"1\" rowspan=\"1\" class=\"text-center\">\n\t\t\t\t\t\t\t\t\t\t\t\t\t645\t\t\t\t\t\t\t\t\t\t\t<\/td>\n\t\t\t\t\t\t\t\t\t\t\t\t\t\t<td colspan=\"1\" rowspan=\"1\" class=\"text-center\">\n\t\t\t\t\t\t\t\t\t\t\t\t\t680\t\t\t\t\t\t\t\t\t\t\t<\/td>\n\t\t\t\t\t\t\t\t\t\t\t\t\t\t<td colspan=\"1\" rowspan=\"1\" class=\"text-center\">\n\t\t\t\t\t\t\t\t\t\t\t\t\t635\t\t\t\t\t\t\t\t\t\t\t<\/td>\n\t\t\t\t\t\t\t\t\t\t\t\t\t\t<td colspan=\"1\" rowspan=\"1\" class=\"text-center\">\n\t\t\t\t\t\t\t\t\t\t\t\t\t600\t\t\t\t\t\t\t\t\t\t\t<\/td>\n\t\t\t\t\t\t\t\t\t\t\t\t\t\t<td colspan=\"1\" rowspan=\"1\" class=\"text-center\">\n\t\t\t\t\t\t\t\t\t\t\t\t\t630\t\t\t\t\t\t\t\t\t\t\t<\/td>\n\t\t\t\t\t\t\t\t\t\t\t\t\t\t<td colspan=\"1\" rowspan=\"1\" class=\"text-center\">\n\t\t\t\t\t\t\t\t\t\t\t\t\t715\t\t\t\t\t\t\t\t\t\t\t<\/td>\n\t\t\t\t\t\t\t\t\t\t\t\t\t\t<td colspan=\"1\" rowspan=\"1\">\n\t\t\t\t\t\t\t\t\t\t\t\t\t890\t\t\t\t\t\t\t\t\t\t\t<\/td>\n\t\t\t\t\t\t\t\t\t\t\t\t\t\t<td colspan=\"1\" rowspan=\"1\">\n\t\t\t\t\t\t\t\t\t\t\t\t\t1.100\t\t\t\t\t\t\t\t\t\t\t<\/td>\n\t\t\t\t\t\t\t<\/tr>\n\t\t\t\t\t<tr class=\"wd-rs-6790e87a49262\">\n\t\t\t\t\t\t\t\t\t\t\t\t\t\t<th colspan=\"1\" rowspan=\"1\">\n\t\t\t\t\t\t\t\t\t\t\t\t\tLongitud cerrada (mm)\t\t\t\t\t\t\t\t\t\t\t<\/th>\n\t\t\t\t\t\t\t\t\t\t\t\t\t\t<td colspan=\"1\" rowspan=\"1\" class=\"text-center\">\n\t\t\t\t\t\t\t\t\t\t\t\t\t740\t\t\t\t\t\t\t\t\t\t\t<\/td>\n\t\t\t\t\t\t\t\t\t\t\t\t\t\t<td colspan=\"1\" rowspan=\"1\" class=\"text-center\">\n\t\t\t\t\t\t\t\t\t\t\t\t\t780\t\t\t\t\t\t\t\t\t\t\t<\/td>\n\t\t\t\t\t\t\t\t\t\t\t\t\t\t<td colspan=\"1\" rowspan=\"1\" class=\"text-center\">\n\t\t\t\t\t\t\t\t\t\t\t\t\t800\t\t\t\t\t\t\t\t\t\t\t<\/td>\n\t\t\t\t\t\t\t\t\t\t\t\t\t\t<td colspan=\"1\" rowspan=\"1\" class=\"text-center\">\n\t\t\t\t\t\t\t\t\t\t\t\t\t830\t\t\t\t\t\t\t\t\t\t\t<\/td>\n\t\t\t\t\t\t\t\t\t\t\t\t\t\t<td colspan=\"1\" rowspan=\"1\" class=\"text-center\">\n\t\t\t\t\t\t\t\t\t\t\t\t\t885\t\t\t\t\t\t\t\t\t\t\t<\/td>\n\t\t\t\t\t\t\t\t\t\t\t\t\t\t<td colspan=\"1\" rowspan=\"1\" class=\"text-center\">\n\t\t\t\t\t\t\t\t\t\t\t\t\t970\t\t\t\t\t\t\t\t\t\t\t<\/td>\n\t\t\t\t\t\t\t\t\t\t\t\t\t\t<td colspan=\"1\" rowspan=\"1\" class=\"text-center\">\n\t\t\t\t\t\t\t\t\t\t\t\t\t1.110\t\t\t\t\t\t\t\t\t\t\t<\/td>\n\t\t\t\t\t\t\t\t\t\t\t\t\t\t<td colspan=\"1\" rowspan=\"1\" class=\"text-center\">\n\t\t\t\t\t\t\t\t\t\t\t\t\t1.355\t\t\t\t\t\t\t\t\t\t\t<\/td>\n\t\t\t\t\t\t\t\t\t\t\t\t\t\t<td colspan=\"1\" rowspan=\"1\">\n\t\t\t\t\t\t\t\t\t\t\t\t\t1.490\t\t\t\t\t\t\t\t\t\t\t<\/td>\n\t\t\t\t\t\t\t<\/tr>\n\t\t\t\t\t<tr class=\"wd-rs-6790e8d347653\">\n\t\t\t\t\t\t\t\t\t\t\t\t\t\t<th colspan=\"1\" rowspan=\"1\">\n\t\t\t\t\t\t\t\t\t\t\t\t\tApertura m\u00e1xima (mm)\t\t\t\t\t\t\t\t\t\t\t<\/th>\n\t\t\t\t\t\t\t\t\t\t\t\t\t\t<td colspan=\"1\" rowspan=\"1\" class=\"text-center\">\n\t\t\t\t\t\t\t\t\t\t\t\t\t1.170\t\t\t\t\t\t\t\t\t\t\t<\/td>\n\t\t\t\t\t\t\t\t\t\t\t\t\t\t<td colspan=\"1\" rowspan=\"1\" class=\"text-center\">\n\t\t\t\t\t\t\t\t\t\t\t\t\t1.400\t\t\t\t\t\t\t\t\t\t\t<\/td>\n\t\t\t\t\t\t\t\t\t\t\t\t\t\t<td colspan=\"1\" rowspan=\"1\" class=\"text-center\">\n\t\t\t\t\t\t\t\t\t\t\t\t\t1.450\t\t\t\t\t\t\t\t\t\t\t<\/td>\n\t\t\t\t\t\t\t\t\t\t\t\t\t\t<td colspan=\"1\" rowspan=\"1\" class=\"text-center\">\n\t\t\t\t\t\t\t\t\t\t\t\t\t1.690\t\t\t\t\t\t\t\t\t\t\t<\/td>\n\t\t\t\t\t\t\t\t\t\t\t\t\t\t<td colspan=\"1\" rowspan=\"1\" class=\"text-center\">\n\t\t\t\t\t\t\t\t\t\t\t\t\t1.880\t\t\t\t\t\t\t\t\t\t\t<\/td>\n\t\t\t\t\t\t\t\t\t\t\t\t\t\t<td colspan=\"1\" rowspan=\"1\" class=\"text-center\">\n\t\t\t\t\t\t\t\t\t\t\t\t\t2.070\t\t\t\t\t\t\t\t\t\t\t<\/td>\n\t\t\t\t\t\t\t\t\t\t\t\t\t\t<td colspan=\"1\" rowspan=\"1\" class=\"text-center\">\n\t\t\t\t\t\t\t\t\t\t\t\t\t2.390\t\t\t\t\t\t\t\t\t\t\t<\/td>\n\t\t\t\t\t\t\t\t\t\t\t\t\t\t<td colspan=\"1\" rowspan=\"1\" class=\"text-center\">\n\t\t\t\t\t\t\t\t\t\t\t\t\t2.840\t\t\t\t\t\t\t\t\t\t\t<\/td>\n\t\t\t\t\t\t\t\t\t\t\t\t\t\t<td colspan=\"1\" rowspan=\"1\">\n\t\t\t\t\t\t\t\t\t\t\t\t\t3.015\t\t\t\t\t\t\t\t\t\t\t<\/td>\n\t\t\t\t\t\t\t<\/tr>\n\t\t\t\t\t<tr class=\"wd-rs-6790e90c1c003\">\n\t\t\t\t\t\t\t\t\t\t\t\t\t\t<th colspan=\"1\" rowspan=\"1\">\n\t\t\t\t\t\t\t\t\t\t\t\t\tPeso (kg)\t\t\t\t\t\t\t\t\t\t\t<\/th>\n\t\t\t\t\t\t\t\t\t\t\t\t\t\t<td colspan=\"1\" rowspan=\"1\" class=\"text-center\">\n\t\t\t\t\t\t\t\t\t\t\t\t\t135\t\t\t\t\t\t\t\t\t\t\t<\/td>\n\t\t\t\t\t\t\t\t\t\t\t\t\t\t<td colspan=\"1\" rowspan=\"1\" class=\"text-center\">\n\t\t\t\t\t\t\t\t\t\t\t\t\t145\t\t\t\t\t\t\t\t\t\t\t<\/td>\n\t\t\t\t\t\t\t\t\t\t\t\t\t\t<td colspan=\"1\" rowspan=\"1\" class=\"text-center\">\n\t\t\t\t\t\t\t\t\t\t\t\t\t235\t\t\t\t\t\t\t\t\t\t\t<\/td>\n\t\t\t\t\t\t\t\t\t\t\t\t\t\t<td colspan=\"1\" rowspan=\"1\" class=\"text-center\">\n\t\t\t\t\t\t\t\t\t\t\t\t\t240\t\t\t\t\t\t\t\t\t\t\t<\/td>\n\t\t\t\t\t\t\t\t\t\t\t\t\t\t<td colspan=\"1\" rowspan=\"1\" class=\"text-center\">\n\t\t\t\t\t\t\t\t\t\t\t\t\t265\t\t\t\t\t\t\t\t\t\t\t<\/td>\n\t\t\t\t\t\t\t\t\t\t\t\t\t\t<td colspan=\"1\" rowspan=\"1\" class=\"text-center\">\n\t\t\t\t\t\t\t\t\t\t\t\t\t295\t\t\t\t\t\t\t\t\t\t\t<\/td>\n\t\t\t\t\t\t\t\t\t\t\t\t\t\t<td colspan=\"1\" rowspan=\"1\">\n\t\t\t\t\t\t\t\t\t\t\t\t\t335\t\t\t\t\t\t\t\t\t\t\t<\/td>\n\t\t\t\t\t\t\t\t\t\t\t\t\t\t<td colspan=\"1\" rowspan=\"1\">\n\t\t\t\t\t\t\t\t\t\t\t\t\t790\t\t\t\t\t\t\t\t\t\t\t<\/td>\n\t\t\t\t\t\t\t\t\t\t\t\t\t\t<td colspan=\"1\" rowspan=\"1\">\n\t\t\t\t\t\t\t\t\t\t\t\t\t920\t\t\t\t\t\t\t\t\t\t\t<\/td>\n\t\t\t\t\t\t\t<\/tr>\n\t\t\t\t\t\t\t<\/tbody>\n\t\t\t\t<\/table>\n\t\t\t<\/div>\n\t\t<\/div>\n\t\t<\/div><\/div><\/div><\/div>\n<\/div>","protected":false},"excerpt":{"rendered":"<p>El modelo Bio est\u00e1 dise\u00f1ado para una manipulaci\u00f3n r\u00e1pida y sencilla de materiales y residuos de corte, partes de \u00e1rboles y otros materiales que deben triturarse en biomasa, directamente en las astilladoras durante la tala o posteriormente a partir de una pila de madera. El modelo Bio utiliza cilindros reforzados y el doble de grueso que el material de las abrazaderas. Tambi\u00e9n dispone de topes mec\u00e1nicos, lo que evita que se bajen los cilindros.<\/p>\n<p><img decoding=\"async\" src=\"https:\/\/maquinasflorestais.com\/wp-content\/uploads\/2024\/10\/pdf.png\" \/> <a href=\"https:\/\/maquinasflorestais.com\/wp-content\/uploads\/2025\/01\/HSP-GRIPEN-PINCAS-BIO-ES.pdf\" target=\"_blank\"><strong> Ficha t\u00e9cnica.<\/strong><\/a><\/p>\n<table style=\"border-top: 1px solid #c0c0c0;\">\n<tbody>\n<tr>\n<td style=\"width: 15%; border-bottom: none;\"><img decoding=\"async\" src=\"https:\/\/maquinasflorestais.com\/wp-content\/uploads\/2024\/10\/henrique.jpeg\" width=\"90\" \/><\/td>\n<td style=\"border-bottom: none;\">\n<h3>David Magalh\u00e3es<\/h3>\n<p><img loading=\"lazy\" decoding=\"async\" src=\"https:\/\/maquinasflorestais.com\/wp-content\/uploads\/2024\/06\/flag-pt.svg\" alt=\"\" width=\"20\" height=\"20\" \/> <img loading=\"lazy\" decoding=\"async\" src=\"https:\/\/maquinasflorestais.com\/wp-content\/uploads\/2024\/06\/flag-sp.svg\" alt=\"\" width=\"20\" height=\"20\" \/><\/p>\n<p>Departamento comercial<br \/>\nT. (+351) 915 508 925<\/td>\n<\/tr>\n<tr>\n<td><\/td>\n<td><a class=\"btn btn-color-default btn-style-default btn-style-rectangle btn-size-small btn-icon-pos-right\" title=\"\" href=\"mailto:david@forestcortemaquinas.pt\">E-mail<\/a><\/td>\n<\/tr>\n<\/tbody>\n<\/table>","protected":false},"featured_media":9817,"template":"","meta":[],"product_brand":[],"product_cat":[21],"product_tag":[101,99,100,82,98],"class_list":{"0":"post-9823","1":"product","2":"type-product","3":"status-publish","4":"has-post-thumbnail","6":"product_cat-pincas","7":"product_tag-bio","8":"product_tag-hsp","9":"product_tag-hsp-gripen","10":"product_tag-maquinas-florestais","11":"product_tag-pincas","13":"first","14":"instock","15":"shipping-taxable","16":"product-type-simple"},"_links":{"self":[{"href":"https:\/\/maquinasflorestais.com\/es\/wp-json\/wp\/v2\/product\/9823","targetHints":{"allow":["GET"]}}],"collection":[{"href":"https:\/\/maquinasflorestais.com\/es\/wp-json\/wp\/v2\/product"}],"about":[{"href":"https:\/\/maquinasflorestais.com\/es\/wp-json\/wp\/v2\/types\/product"}],"wp:featuredmedia":[{"embeddable":true,"href":"https:\/\/maquinasflorestais.com\/es\/wp-json\/wp\/v2\/media\/9817"}],"wp:attachment":[{"href":"https:\/\/maquinasflorestais.com\/es\/wp-json\/wp\/v2\/media?parent=9823"}],"wp:term":[{"taxonomy":"product_brand","embeddable":true,"href":"https:\/\/maquinasflorestais.com\/es\/wp-json\/wp\/v2\/product_brand?post=9823"},{"taxonomy":"product_cat","embeddable":true,"href":"https:\/\/maquinasflorestais.com\/es\/wp-json\/wp\/v2\/product_cat?post=9823"},{"taxonomy":"product_tag","embeddable":true,"href":"https:\/\/maquinasflorestais.com\/es\/wp-json\/wp\/v2\/product_tag?post=9823"}],"curies":[{"name":"wp","href":"https:\/\/api.w.org\/{rel}","templated":true}]}}